{"id":159,"date":"2021-11-24T00:24:42","date_gmt":"2021-11-24T00:24:42","guid":{"rendered":"https:\/\/szitakoto.csucshegymenedek.hu\/?page_id=159"},"modified":"2022-01-25T20:54:52","modified_gmt":"2022-01-25T20:54:52","slug":"tarsoldalak","status":"publish","type":"page","link":"https:\/\/csucshegymenedek.hu\/index.php\/tarsoldalak\/","title":{"rendered":"T\u00e1rsoldalak"},"content":{"rendered":"\n<p><a href=\"https:\/\/www.ohegy.hu\/\" target=\"_blank\" rel=\"noreferrer noopener\">\u00d3hegy.hu<\/a><\/p>\n\n\n\n<p>Az Egyes\u00fclet \u00f6nk\u00e9ntes \u00e9s egy\u00e9ni aktivit\u00e1son alapul\u00f3 szervez\u0151d\u00e9s. Sz\u00e1nd\u00e9kuk az, hogy \u00d3buda-Hegyvid\u00e9ken  (Remete-hegy, T\u00e1bor-hegy, Testv\u00e9r-hegy) lak\u00f3k sz\u00e1m\u00e1ra, \u00e9rdekl\u0151d\u00e9s\u00fcknek megfelel\u0151, soksz\u00edn\u0171 lehet\u0151s\u00e9get teremtsenek k\u00f6z\u00f6ss\u00e9gi tev\u00e9kenys\u00e9g\u00fckh\u00f6z, ezzel szorosabb\u00e1 t\u00e9ve a lak\u00f3helyhez val\u00f3 k\u00f6t\u0151d\u00e9st \u00e9s a helyi k\u00f6z\u00e9letben val\u00f3 tev\u00e9keny r\u00e9szv\u00e9telt.<\/p>\n\n\n\n<p><\/p>\n\n\n\n<p><a href=\"https:\/\/www.facebook.com\/veganhegylako\" target=\"_blank\" rel=\"noreferrer noopener\">Veg\u00e1n hegylak\u00f3<\/a><\/p>\n\n\n\n<p>Karalyos G\u00e1bor cs\u00facshegyi lak\u00f3 \u00e9letm\u00f3d oldala<\/p>\n\n\n\n<p><\/p>\n\n\n\n<p><a href=\"https:\/\/csucs-hegy.blog.hu\/\" target=\"_blank\" rel=\"noreferrer noopener\">Cs\u00facshegy blog<\/a><\/p>\n\n\n\n<p>Sikl\u00f3si P\u00e9ter blogja Cs\u00facshegyr\u0151l<\/p>\n","protected":false},"excerpt":{"rendered":"<p>\u00d3hegy.hu Az Egyes\u00fclet \u00f6nk\u00e9ntes \u00e9s egy\u00e9ni aktivit\u00e1son alapul\u00f3 szervez\u0151d\u00e9s. Sz\u00e1nd\u00e9kuk az, hogy \u00d3buda-Hegyvid\u00e9ken (Remete-hegy, T\u00e1bor-hegy, Testv\u00e9r-hegy) lak\u00f3k sz\u00e1m\u00e1ra, \u00e9rdekl\u0151d\u00e9s\u00fcknek megfelel\u0151, soksz\u00edn\u0171 lehet\u0151s\u00e9get teremtsenek k\u00f6z\u00f6ss\u00e9gi tev\u00e9kenys\u00e9g\u00fckh\u00f6z, ezzel szorosabb\u00e1 t\u00e9ve a lak\u00f3helyhez val\u00f3 k\u00f6t\u0151d\u00e9st \u00e9s a helyi k\u00f6z\u00e9letben val\u00f3 tev\u00e9keny r\u00e9szv\u00e9telt. Veg\u00e1n hegylak\u00f3 Karalyos G\u00e1bor cs\u00facshegyi lak\u00f3 \u00e9letm\u00f3d oldala Cs\u00facshegy blog Sikl\u00f3si P\u00e9ter blogja Cs\u00facshegyr\u0151l<\/p>\n","protected":false},"author":1,"featured_media":0,"parent":0,"menu_order":0,"comment_status":"closed","ping_status":"closed","template":"","meta":[],"_links":{"self":[{"href":"https:\/\/csucshegymenedek.hu\/index.php\/wp-json\/wp\/v2\/pages\/159"}],"collection":[{"href":"https:\/\/csucshegymenedek.hu\/index.php\/wp-json\/wp\/v2\/pages"}],"about":[{"href":"https:\/\/csucshegymenedek.hu\/index.php\/wp-json\/wp\/v2\/types\/page"}],"author":[{"embeddable":true,"href":"https:\/\/csucshegymenedek.hu\/index.php\/wp-json\/wp\/v2\/users\/1"}],"replies":[{"embeddable":true,"href":"https:\/\/csucshegymenedek.hu\/index.php\/wp-json\/wp\/v2\/comments?post=159"}],"version-history":[{"count":5,"href":"https:\/\/csucshegymenedek.hu\/index.php\/wp-json\/wp\/v2\/pages\/159\/revisions"}],"predecessor-version":[{"id":927,"href":"https:\/\/csucshegymenedek.hu\/index.php\/wp-json\/wp\/v2\/pages\/159\/revisions\/927"}],"wp:attachment":[{"href":"https:\/\/csucshegymenedek.hu\/index.php\/wp-json\/wp\/v2\/media?parent=159"}],"curies":[{"name":"wp","href":"https:\/\/api.w.org\/{rel}","templated":true}]}}