{"id":2,"date":"2020-01-25T17:08:11","date_gmt":"2020-01-25T17:08:11","guid":{"rendered":"http:\/\/szitakoto.csucshegymenedek.hu\/?page_id=2"},"modified":"2022-02-21T12:33:39","modified_gmt":"2022-02-21T12:33:39","slug":"belepesi_nyilatkozat","status":"publish","type":"page","link":"https:\/\/csucshegymenedek.hu\/index.php\/belepesi_nyilatkozat\/","title":{"rendered":"Bel\u00e9p\u00e9si nyilatkozat"},"content":{"rendered":"\n<figure class=\"wp-block-image size-full\"><img loading=\"lazy\" width=\"845\" height=\"593\" src=\"https:\/\/csucshegymenedek.hu\/wp-content\/uploads\/2022\/01\/Belepesi.png\" alt=\"\" class=\"wp-image-1014\" srcset=\"https:\/\/csucshegymenedek.hu\/wp-content\/uploads\/2022\/01\/Belepesi.png 845w, https:\/\/csucshegymenedek.hu\/wp-content\/uploads\/2022\/01\/Belepesi-300x211.png 300w, https:\/\/csucshegymenedek.hu\/wp-content\/uploads\/2022\/01\/Belepesi-768x539.png 768w, https:\/\/csucshegymenedek.hu\/wp-content\/uploads\/2022\/01\/Belepesi-676x474.png 676w\" sizes=\"(max-width: 845px) 100vw, 845px\" \/><figcaption>A bel\u00e9p\u00e9si nyilatkozat az al\u00e1bbi linkre kattintva let\u00f6lthet\u0151: <a href=\"https:\/\/drive.google.com\/file\/d\/1e7xdZG4EqutzB3q5LeBGHka9Z9zhZpiv\/view?usp=sharing\" target=\"_blank\" rel=\"noreferrer noopener\">Bel\u00e9p\u00e9si nyilatkozat 2022<\/a><\/figcaption><\/figure>\n","protected":false},"excerpt":{"rendered":"","protected":false},"author":1,"featured_media":0,"parent":0,"menu_order":0,"comment_status":"closed","ping_status":"open","template":"","meta":[],"_links":{"self":[{"href":"https:\/\/csucshegymenedek.hu\/index.php\/wp-json\/wp\/v2\/pages\/2"}],"collection":[{"href":"https:\/\/csucshegymenedek.hu\/index.php\/wp-json\/wp\/v2\/pages"}],"about":[{"href":"https:\/\/csucshegymenedek.hu\/index.php\/wp-json\/wp\/v2\/types\/page"}],"author":[{"embeddable":true,"href":"https:\/\/csucshegymenedek.hu\/index.php\/wp-json\/wp\/v2\/users\/1"}],"replies":[{"embeddable":true,"href":"https:\/\/csucshegymenedek.hu\/index.php\/wp-json\/wp\/v2\/comments?post=2"}],"version-history":[{"count":4,"href":"https:\/\/csucshegymenedek.hu\/index.php\/wp-json\/wp\/v2\/pages\/2\/revisions"}],"predecessor-version":[{"id":1049,"href":"https:\/\/csucshegymenedek.hu\/index.php\/wp-json\/wp\/v2\/pages\/2\/revisions\/1049"}],"wp:attachment":[{"href":"https:\/\/csucshegymenedek.hu\/index.php\/wp-json\/wp\/v2\/media?parent=2"}],"curies":[{"name":"wp","href":"https:\/\/api.w.org\/{rel}","templated":true}]}}