{"id":293,"date":"2021-11-28T20:48:27","date_gmt":"2021-11-28T20:48:27","guid":{"rendered":"https:\/\/szitakoto.csucshegymenedek.hu\/?page_id=293"},"modified":"2021-12-01T13:04:28","modified_gmt":"2021-12-01T13:04:28","slug":"eletmod","status":"publish","type":"page","link":"https:\/\/csucshegymenedek.hu\/index.php\/eletmod\/","title":{"rendered":"Fenntarthat\u00f3 \u00e9letm\u00f3d a v\u00e1rosban"},"content":{"rendered":"\n<p>(V\u00e9lem\u00e9nycikk)<\/p>\n\n\n\n<p>Ha az emberis\u00e9g nem t\u00e9r \u00e1t s\u00fcrg\u0151sen talajmeg\u00faj\u00edt\u00f3 gazd\u00e1lkod\u00e1sra \u00e9s olyan szel\u00edd m\u0171vel\u00e9si m\u00f3dokra, amik visszaford\u00edtj\u00e1k az \u00f6kol\u00f3giai pusztul\u00e1st, akkor s\u00f6t\u00e9t j\u00f6v\u0151 el\u00e9 n\u00e9z\u00fcnk. Fenntarthat\u00f3 otthonokra van sz\u00fcks\u00e9g, \u00e9s a mez\u0151gazd\u00e1lkod\u00e1st az egy\u00fctt\u00e9l\u00e9s eszm\u00e9je kell meghat\u00e1rozza a term\u00e9szet kizs\u00e1km\u00e1nyol\u00e1sa helyett.<\/p>\n\n\n\n<p><br>A kertes vil\u00e1g biztos\u00edthatja azt az \u00e9letm\u00f3dot, amiben megel\u0151zhet\u0151 a civiliz\u00e1ci\u00f3 \u00f6sszeoml\u00e1sa, de szint\u00e9n a kertes vil\u00e1g biztos\u00edtja az utols\u00f3 szigeteket is egy \u00f6sszeoml\u00e1s eset\u00e9n. A nagy k\u00e9rd\u00e9s, hogy mennyire nagyok ezek a kertes szigetek, mennyire v\u00e9dhet\u0151k, \u00e9s megvan-e a kritikus m\u00e9rete egy stabil \u00f6kol\u00f3giai rendszer fenntart\u00e1s\u00e1ra. Egyetlen tany\u00e1t elsodor a v\u00e9g, tany\u00e1k \u00f6sszefog\u00e1sa, esetleg egy eg\u00e9sz v\u00e1rosr\u00e9sz m\u00e1r nagyobb megpr\u00f3b\u00e1ltat\u00e1sokat k\u00e9pes ki\u00e1llni, de mi\u00e9rt ne lehetne egy eg\u00e9sz orsz\u00e1g ilyan sziget, vagy eg\u00e9sz Eur\u00f3pa \u00e9lenj\u00e1r\u00f3 a fenntarthat\u00f3 j\u00f6v\u0151 fel\u00e9 vezet\u0151 \u00faton, kil\u00e9pve a legnagyobb k\u00f6rnyezetterhel\u0151k t\u00e1bor\u00e1b\u00f3l, egy nagy l\u00e9p\u00e9st t\u00e9ve a civiliz\u00e1ci\u00f3 megment\u00e9se fel\u00e9. Ha ugyanaz az \u00e9letm\u00f3d szolg\u00e1l az \u00f6sszeoml\u00e1s elker\u00fcl\u00e9s\u00e9re, mint az \u00f6sszeoml\u00e1s ut\u00e1ni t\u00fal\u00e9l\u00e9sre, akkor mi\u00e9rt nem ezt \u00e9lj\u00fck? Ha van egy \u00e9letm\u00f3d ami lass\u00edtja a kl\u00edmav\u00e1ltoz\u00e1st a kevesebb z\u00f6ldbe utaz\u00e1ssal, lass\u00edtja a v\u00edrusok terjed\u00e9s\u00e9t azzal, hogy karant\u00e9n idej\u00e9n&#8230;&#8230;&#8230;&#8230;&#8230;&#8230;&#8230;&#8230;&#8230;&#8230;&#8230;&#8230;&#8230;&#8230;&#8230;&#8230;&#8230;&#8230;&#8230;&#8230;&#8230;&#8230;&#8230;&#8230;&#8230;&#8230;&#8230;&#8230;&#8230;&#8230;&#8230;&#8230;&#8230;&#8230;&#8230;&#8230;&#8230;&#8230;&#8230;&#8230;&#8230;&#8230;&#8230;&#8230;&#8230;&#8230;&#8230;&#8230;&#8230;&#8230;&#8230;&#8230;&#8230;&#8230;&#8230;&#8230;&#8230;&#8230;&#8230;&#8230;&#8230;&#8230;&#8230;&#8230;&#8230;&#8230;&#8230;&#8230;&#8230;&#8230;.<\/p>\n\n\n\n<p>A szel\u00edd f\u00f6ldm\u0171vel\u00e9si m\u00f3dszerek sok szorgos kezet ig\u00e9nyelnek, nem v\u00e9letlen\u00fcl dr\u00e1g\u00e1bbak a bio min\u0151s\u00edt\u00e9s\u0171 \u00e9lelmiszerek, pedig azok csak biok, de \u00e1ltal\u00e1ban m\u00e9g nem fenntarthat\u00f3 gazd\u00e1lkod\u00e1sb\u00f3l val\u00f3k, ugyanis akkor m\u00e1r megfizethetetlennek min\u0151s\u00edten\u00e9nk, hiszen akkor nem tudn\u00e1nk fenntarthatatlan huncuts\u00e1gainkat fizetni. P\u00f3tcselekv\u00e9srendszerinkb\u0151l fokozatosan vissza kell l\u00e9pni abba az \u00e9letm\u00f3dba, amiben a term\u00e9szet sz\u00e9ps\u00e9g\u00e9\u00e9rt nem folyton t\u00e1voli t\u00e1jakra utazgatunk azokat is le\u00e9lni, \u00e9s amiben a testmozg\u00e1st nem v\u00e1lasztjuk el akkur\u00e1tusan a hasznos tev\u00e9kenys\u00e9gekt\u0151l, az \u00e9letm\u00f3dba amiben saj\u00e1t idilli k\u00f6rnyezet\u00fcnkben magunk termelj\u00fck \u00e9lelmiszereink min\u00e9l nagyobb h\u00e1nyad\u00e1t, hogy azok frissek, eg\u00e9szs\u00e9gesek legyenek, ami nem ig\u00e9nyel csomagol\u00e1st, sz\u00e1ll\u00edt\u00e1st, egy\u00e9b szolg\u00e1ltat\u00e1sokat. Visszat\u00e9rni egy olyan \u00e9letm\u00f3dba, amiben a csal\u00e1d \u00e9s bar\u00e1tok t\u00f6bb id\u0151t tudnak egy\u00fctt t\u00f6lteni, egy\u00fctt fejl\u0151dni, \u00e9s egy\u00fctt meg\u00e9lni a term\u00e9szet csod\u00e1it. Ez nem csak sz\u00fcks\u00e9gszer\u0171, de szerencs\u00e9re szerethet\u0151 \u00fat is egyben.<\/p>\n\n\n\n<p>A csal\u00e1doknak l\u00e1tniuk kell, hogy a f\u00f6ldj\u00fcknek hossz\u00fa \u00e9veken \u00e1t eg\u00e9szs\u00e9gesnek kell maradnia, \u00e9s a legjobb befektet\u00e9s, ha szennyez\u00e9sekt\u0151l \u00f3vj\u00e1k \u00e9s jav\u00edtj\u00e9k a talajt \u00e9s az okol\u00f3giai k\u00f6rnyezet\u00fcket. Min\u00e9l \u00f6sszetettebb, min\u00e9l stabilabb \u00f6kol\u00f3giai k\u00f6rnyezet vesz minket k\u00f6r\u00fcl, a szel\u00edd m\u0171vel\u00e9si m\u00f3dok ann\u00e1l m\u0171k\u00f6d\u0151k\u00e9pessebbek, \u00e9s sajnos ford\u00edtva is, ha nincsenek beporz\u00f3 m\u00e9hek vagy nincs az a m\u00e1sik \u00e9l\u0151l\u00e9ny ami egy aktu\u00e1lisan elszaporod\u00f3 k\u00e1rtev\u0151t kord\u00e1ban tarthatna, akkor nincs mit enni.<\/p>\n\n\n\n<p>Lehet, hogy egy kertes \u00f6vezetben egy gyermek\u00e9t egyed\u00fcl nevel\u0151 f\u0151\u00e1ll\u00e1s\u00fa sz\u00fcl\u0151 nem tud k\u00f6zvetlen gazd\u00e1lkodni \u00e9s csak annyit tud v\u00e1llalni, hogy kertj\u00e9ben egy \u00f6kol\u00f3giai pufferter\u00fcletet tart fenn, egy t\u00f6lgyerd\u0151t vagy bogy\u00f3s d\u00edszbokrokat, kerti tavat, amikkel egyfel\u0151l seg\u00edti a k\u00f6zeli gazd\u00e1lkod\u00f3kat, m\u00e1sfel\u0151l a madarakat \u00e9s egy\u00e9b \u00e9l\u0151l\u00e9nyeket, amik \u00f6kol\u00f3giai pufferter\u00fcletek hi\u00e1ny\u00e1ban nem tudn\u00e1nak seg\u00edts\u00e9g\u00fcnkre lenni.<br>M\u00e1sok az \u00f6kol\u00f3giai rendszerek er\u0151s\u00edt\u00e9s\u00e9n fel\u00fcl a csal\u00e1d nagym\u00e9rt\u00e9k\u0171 \u00f6nell\u00e1t\u00e1s\u00e1t is tudj\u00e1k vinni, k\u00fcl\u00f6n\u00f6sen egy t\u00f6bbgener\u00e1ci\u00f3s csal\u00e1dih\u00e1z adta el\u0151ny\u00f6k mellett, ezzel is \u00f3ri\u00e1si terhet lev\u00e9ve az ell\u00e1t\u00f3rendszerr\u0151l.<br>\u00c9s lesz aki kifejezetten a helyi k\u00f6z\u00f6ss\u00e9g ell\u00e1t\u00e1s\u00e1ra fog termelni anyagi ellenszolg\u00e1ltat\u00e1sok fej\u00e9ben.<\/p>\n\n\n\n<p>Azok akik egy ilyen \u00e9letm\u00f3dot folytatnak, kev\u00e9sb\u00e9 terhelik a k\u00f6rnyezetet p\u00f3tcselekv\u00e9srendszereikkel. Nem k\u00edv\u00e1nom ezt az \u00e9letm\u00f3dot senki sz\u00e1m\u00e1ra k\u00f6telez\u0151v\u00e9 tenni, de szeretn\u00e9m, ha a rendszer nem akad\u00e1lyozn\u00e1 l\u00e9pten nyomon azokat, akik GDP termel\u0151 \u00e9s m\u00e1s szempontb\u00f3l is hasznos munk\u00e1jukon k\u00edv\u00fcl fenntarthat\u00f3 \u00e9letm\u00f3dot szeretn\u00e9nek \u00e9lni csal\u00e1djukkal. Ett\u0151l lehet, hogy kisebb lesz a fogyaszt\u00e1s, \u00e9s nem d\u00fcb\u00f6r\u00f6g \u00fagy a vil\u00e1ggazdas\u00e1g, de a magyar gazdas\u00e1gnak tuti j\u00f3 lesz r\u00f6vidt\u00e1von az\u00e1ltal, hogy kevesebb p\u00e9nz \u00e1ramlik ki az orsz\u00e1gb\u00f3l a p\u00f3tcselekv\u00e9srendszereinket fenntart\u00f3 eszk\u00f6z\u00f6kre \u00e9s szolg\u00e1ltat\u00e1sokra, hossz\u00fa t\u00e1von pedig egy kev\u00e9sb\u00e9 s\u00e9r\u00fcl\u00e9keny rendszer alapoz\u00f3dik meg, megmentve a m\u00e9g \u00e9ppen fellelhet\u0151 r\u00e9gi tud\u00e1sokat az \u00f6regekt\u0151l, integr\u00e1lva a tudom\u00e1ny leg\u00fajabb ismeretiv&#8230;<\/p>\n\n\n\n<p>Sokan nem tudj\u00e1k, de Magyarorsz\u00e1gon az Orsz\u00e1gos Telep\u00fcl\u00e9srendez\u00e9si \u00e9s \u00c9p\u00edt\u00e9si K\u00f6vetelm\u00e9nyek (tov\u00e1bbiakban OT\u00c9K.) lehet\u0151v\u00e9 teszi mez\u0151gazdas\u00e1gi \u00f6vezetben lak\u00f3\u00e9p\u00fclet \u00e9p\u00edt\u00e9s\u00e9t a ter\u00fclet 1.5%-a, 3%-a vagy 10%-a erj\u00e9ig m\u0171vel\u00e9si \u00e1gt\u00f3l \u00e9s birtokszerkezett\u0151l f\u00fcgg\u0151en.  Ezzel a lehet\u0151s\u00e9ggel sz\u00e1mos telep\u00fcl\u00e9s \u00e9l (pl. Piliscsaba), de Budapesten is pl. Csepel-H\u00e1ros Mk ter\u00fcletein is lehet lak\u00f3h\u00e1zat \u00e9p\u00edteni. T\u00f6bb \u00f6nkorm\u00e1nyzat azonban akad\u00e1lyozza ezt, \u00e9s ahol kor\u00e1bban t\u00f6bb \u00e9p\u00edt\u00e9si joggal rendelkeztek a tulajdonosok, ott ink\u00e1bb szemet h\u00fany az \u00f6nkorm\u00e1nyzat az elvett jogok miatt elszabadult illeg\u00e1lis \u00e9p\u00edtkez\u00e9sek f\u00f6l\u00f6tt, \u00e9s v\u00e9g\u00fcl a jogk\u00f6vet\u0151k h\u00fazz\u00e1k a legr\u00f6videbbet. <\/p>\n\n\n\n<p>Sv\u00e1jcban, ausztri\u00e1ban ellenben nagy hagyom\u00e1nya van a v\u00e9gel\u00e1thatatlan tanyavil\u00e1goknak, ahol egym\u00e1st \u00e9rik a csal\u00e1di farmok. Ott mindki pontosan tudja, hogy gazd\u00e1lkodni helyb\u0151l lehet igaz\u00e1n. Ott csak abban vannak k\u00fcl\u00f6nbs\u00e9gek, hogy mennyire \u00f6kol\u00f3giai szeml\u00e9lettel v\u00e9gzik, az viszont nem k\u00e9ts\u00e9ges, hogy ott szinte minden csal\u00e1d \u00fagy \u0151rzi &#8220;kis&#8221; f\u00f6ldj\u00e9nek tisztas\u00e1g\u00e1t \u00e9s term\u0151k\u00e9pess\u00e9g\u00e9t, hogy az a f\u00f6ld a gyermekei kez\u00e9ben is \u00e9rt\u00e9k maradhasson.<\/p>\n\n\n\n<figure class=\"wp-block-image\"><img alt=\"\"\/><\/figure>\n\n\n\n<p><\/p>\n","protected":false},"excerpt":{"rendered":"<p>(V\u00e9lem\u00e9nycikk) Ha az emberis\u00e9g nem t\u00e9r \u00e1t s\u00fcrg\u0151sen talajmeg\u00faj\u00edt\u00f3 gazd\u00e1lkod\u00e1sra \u00e9s olyan szel\u00edd m\u0171vel\u00e9si m\u00f3dokra, amik visszaford\u00edtj\u00e1k az \u00f6kol\u00f3giai pusztul\u00e1st, akkor s\u00f6t\u00e9t j\u00f6v\u0151 el\u00e9 n\u00e9z\u00fcnk. Fenntarthat\u00f3 otthonokra van sz\u00fcks\u00e9g, \u00e9s a mez\u0151gazd\u00e1lkod\u00e1st az egy\u00fctt\u00e9l\u00e9s eszm\u00e9je kell meghat\u00e1rozza a term\u00e9szet kizs\u00e1km\u00e1nyol\u00e1sa helyett. A kertes vil\u00e1g biztos\u00edthatja azt az \u00e9letm\u00f3dot, amiben megel\u0151zhet\u0151 a civiliz\u00e1ci\u00f3 \u00f6sszeoml\u00e1sa, de szint\u00e9n [&hellip;]<\/p>\n","protected":false},"author":1,"featured_media":41,"parent":0,"menu_order":0,"comment_status":"closed","ping_status":"closed","template":"","meta":[],"_links":{"self":[{"href":"https:\/\/csucshegymenedek.hu\/index.php\/wp-json\/wp\/v2\/pages\/293"}],"collection":[{"href":"https:\/\/csucshegymenedek.hu\/index.php\/wp-json\/wp\/v2\/pages"}],"about":[{"href":"https:\/\/csucshegymenedek.hu\/index.php\/wp-json\/wp\/v2\/types\/page"}],"author":[{"embeddable":true,"href":"https:\/\/csucshegymenedek.hu\/index.php\/wp-json\/wp\/v2\/users\/1"}],"replies":[{"embeddable":true,"href":"https:\/\/csucshegymenedek.hu\/index.php\/wp-json\/wp\/v2\/comments?post=293"}],"version-history":[{"count":7,"href":"https:\/\/csucshegymenedek.hu\/index.php\/wp-json\/wp\/v2\/pages\/293\/revisions"}],"predecessor-version":[{"id":632,"href":"https:\/\/csucshegymenedek.hu\/index.php\/wp-json\/wp\/v2\/pages\/293\/revisions\/632"}],"wp:featuredmedia":[{"embeddable":true,"href":"https:\/\/csucshegymenedek.hu\/index.php\/wp-json\/wp\/v2\/media\/41"}],"wp:attachment":[{"href":"https:\/\/csucshegymenedek.hu\/index.php\/wp-json\/wp\/v2\/media?parent=293"}],"curies":[{"name":"wp","href":"https:\/\/api.w.org\/{rel}","templated":true}]}}