{"id":294,"date":"2021-11-28T20:48:27","date_gmt":"2021-11-28T20:48:27","guid":{"rendered":"https:\/\/szitakoto.csucshegymenedek.hu\/?page_id=294"},"modified":"2022-02-21T12:56:50","modified_gmt":"2022-02-21T12:56:50","slug":"fooldal","status":"publish","type":"page","link":"https:\/\/csucshegymenedek.hu\/","title":{"rendered":"Aktu\u00e1lis"},"content":{"rendered":"\n<p class=\"has-text-align-center\"><span style=\"color:#e81616\" class=\"has-inline-color\">Egyes\u00fclet\u00fcnket m\u00e1r ad\u00f3ja 1 %-\u00e1nak felaj\u00e1nl\u00e1s\u00e1val is t\u00e1mogathatja.<\/span><\/p>\n\n\n\n<p class=\"has-text-align-center\"><strong>Mened\u00e9k a Cs\u00facshegy Bar\u00e1tainak Egyes\u00fclet<\/strong><\/p>\n\n\n\n<p class=\"has-text-align-center\"><strong>Ad\u00f3sz\u00e1m:&nbsp;18058709-1-41<\/strong><\/p>\n\n\n\n<p class=\"has-text-align-center\"><a rel=\"noreferrer noopener\" href=\"https:\/\/eszja.nav.gov.hu\/app\/login\/#login\" target=\"_blank\">Ad\u00f3 1 sz\u00e1zal\u00e9k felaj\u00e1nl\u00e1s \u00fcgyf\u00e9lkapun kereszt\u00fcl<\/a><\/p>\n\n\n\n<p class=\"has-text-align-center\">\u00a0<a rel=\"noreferrer noopener\" href=\"http:\/\/www.mgya.org\/images\/MGYA_egyszazalek.pdf\" target=\"_blank\">Ad\u00f3 1 sz\u00e1zal\u00e9k felaj\u00e1nl\u00e1s nyomtatv\u00e1ny<\/a><\/p>\n\n\n\n<p class=\"has-text-align-center\">A kit\u00f6lt\u00f6tt nyilatkozatot ne felejts\u00e9k el gombnyom\u00e1ssal bek\u00fcldeni!<\/p>\n\n\n\n<p class=\"has-text-align-center\"><strong>K\u00f6sz\u00f6nj\u00fck!<\/strong><\/p>\n\n\n<ul class=\"display-posts-listing\"><li class=\"listing-item\"><a class=\"title\" href=\"https:\/\/csucshegymenedek.hu\/index.php\/2022\/01\/25\/csucshegy-kampanyol\/\">Cs\u00facshegy kamp\u00e1nyol<\/a> <span class=\"excerpt-dash\">-<\/span> <span class=\"excerpt\">V\u00e1rosr\u00e9sz\u00fcnk kamp\u00e1nyol, \u00e9s keresi azokat a k\u00e9pvisel\u0151ket, akik t\u00e1mogatn\u00e1k a Cs\u00facshegyi Telep\u00fcl\u00e9srendez\u00e9si Javaslatban foglaltakat, amit m\u00e9g az el\u0151z\u0151 v\u00e1rosvezet\u00e9s k\u00e9sz\u00edttetett.  \nAz \u00e9p\u00edt\u00e9si jogainkat a rendezhet\u0151s\u00e9g\u00fcnk meg\u0151rz\u00e9se \u00e9rdek\u00e9ben korl\u00e1tozt\u00e1k, de tov\u00e1bb m\u00e1r nem halaszthat\u00f3 a visszaad\u00e1suk, lehet\u0151leg a ter\u00fclet rendez\u00e9sevel egy\u00fctt, hogy \u00e9rtelme is legyen az elm\u00falt \u00e9vtizedek neh\u00e9zs\u00e9geinek, pazarl\u00e1sainak.\nAz \u00f6nkorm\u00e1nyzat forr\u00e1shi\u00e1nyra hivatkozik, ami\u00e9rt m\u00e9g a legminim\u00e1lisabb l\u00e9p\u00e9seket sem teszi meg az iv\u00f3viz\u00fcnk\u00e9rt. A cs\u00facshegyeiknek teh\u00e1t fontos tudniuk, melyik v\u00e1laszt\u00f3ker\u00fcleti k\u00e9pvisel\u0151re sz\u00e1m\u00edthatnak, ki tudja garant\u00e1lni az \u00e1llami t\u00e1mogat\u00e1st a k\u00f6zm\u0171ves\u00edt\u00e9shez. A mostan\u00e1ra er\u0151sen kiv\u00e9reztettet cs\u00facshegyiek sz\u00e1m\u00e1ra kiz\u00e1r\u00f3lag saj\u00e1t k\u00f6lts\u00e9gen ez v\u00e1llalhatatlan, hiszen megk\u00f6zel\u00edt\u0151leg egy kisebb stadion \u00e9p\u00edt\u00e9s\u00e9nek l\u00e9pt\u00e9k\u00e9hez foghat\u00f3 beruh\u00e1z\u00e1sr\u00f3l van sz\u00f3 a ter\u00fclet rendez\u00e9s\u00e9nek \u00e9s k\u00f6zm\u0171ves\u00edt\u00e9s\u00e9nek tekintet\u00e9ben.<\/span><\/li><\/ul>\n\n\n\n<p><\/p>\n\n\n\n<p><\/p>\n\n\n<ul class=\"display-posts-listing\"><li class=\"listing-item\"><a class=\"image\" href=\"https:\/\/csucshegymenedek.hu\/index.php\/2021\/11\/30\/vezetosegvaltas-tortent-az-egyesuletben\/\"><img width=\"300\" height=\"145\" src=\"https:\/\/csucshegymenedek.hu\/wp-content\/uploads\/2021\/11\/csucshegy_jelkep_nagy-300x145.jpg\" class=\"attachment-medium size-medium wp-post-image\" alt=\"\" loading=\"lazy\" srcset=\"https:\/\/csucshegymenedek.hu\/wp-content\/uploads\/2021\/11\/csucshegy_jelkep_nagy-300x145.jpg 300w, https:\/\/csucshegymenedek.hu\/wp-content\/uploads\/2021\/11\/csucshegy_jelkep_nagy-500x242.jpg 500w, https:\/\/csucshegymenedek.hu\/wp-content\/uploads\/2021\/11\/csucshegy_jelkep_nagy.jpg 651w\" sizes=\"(max-width: 300px) 100vw, 300px\" \/><\/a> <a class=\"title\" href=\"https:\/\/csucshegymenedek.hu\/index.php\/2021\/11\/30\/vezetosegvaltas-tortent-az-egyesuletben\/\">Vezet\u0151s\u00e9gv\u00e1lt\u00e1s t\u00f6rt\u00e9nt az egyes\u00fcletben<\/a> <span class=\"excerpt-dash\">-<\/span> <span class=\"excerpt\">\"Mi cs\u00facshegyiek mindig is cs\u00facshegyiek maradunk\"<\/span><\/li><\/ul>\n\n\n\n<p><\/p>\n\n\n\n<p><strong>Ismerd meg a v\u00e1rosr\u00e9sz\u00fcnkre vonatkoz\u00f3 Telep\u00fcl\u00e9srendez\u00e9si Javaslatot<\/strong>, melyet az \u00f6nkorm\u00e1nyzat \u00e1ltal megb\u00edzott tervez\u0151 iroda a F\u0151v\u00e1rosi V\u00edzm\u0171vekkel \u00e9s egy\u00e9b szervezetekkel egyeztetve k\u00e9sz\u00edtett:<\/p>\n\n\n<ul class=\"display-posts-listing\"><li class=\"listing-item\"><a class=\"image\" href=\"https:\/\/csucshegymenedek.hu\/index.php\/2021\/11\/30\/csucshegy-telepulesrendezesi-javaslat\/\"><img width=\"150\" height=\"150\" src=\"https:\/\/csucshegymenedek.hu\/wp-content\/uploads\/2021\/11\/Telepulesrendezesi_thumb-150x150.png\" class=\"attachment-thumbnail size-thumbnail wp-post-image\" alt=\"\" loading=\"lazy\" \/><\/a> <a class=\"title\" href=\"https:\/\/csucshegymenedek.hu\/index.php\/2021\/11\/30\/csucshegy-telepulesrendezesi-javaslat\/\">Cs\u00facshegyi Telep\u00fcl\u00e9srendez\u00e9si Javaslat<\/a> <span class=\"excerpt-dash\">-<\/span> <span class=\"excerpt\">A 2019-re befejezett tervet az \u00f6nkorm\u00e1nyzat sok milli\u00f3 forintb\u00f3l k\u00e9sz\u00edttette v\u00e1rosr\u00e9sz\u00fcnk probl\u00e9m\u00e1inak megold\u00e1sa \u00e9rdek\u00e9ben. Benne: k\u00f6zm\u0171vek, k\u00f6zleked\u00e9s, be\u00e9p\u00edthet\u0151s\u00e9g, z\u00f6ldter\u00fcletek...<\/span><\/li><\/ul>\n\n\n\n<p><\/p>\n\n\n\n<p>Akik t\u00e1mogatj\u00e1k c\u00e9ljainkat:<\/p>\n\n\n<ul class=\"display-posts-listing\"><li class=\"listing-item\"><a class=\"image\" href=\"https:\/\/csucshegymenedek.hu\/index.php\/2021\/11\/30\/politikusok-akik-kialltak-ertunk\/\"><img width=\"150\" height=\"150\" src=\"https:\/\/csucshegymenedek.hu\/wp-content\/uploads\/2021\/11\/Partok-150x150.webp\" class=\"attachment-thumbnail size-thumbnail wp-post-image\" alt=\"\" loading=\"lazy\" \/><\/a> <a class=\"title\" href=\"https:\/\/csucshegymenedek.hu\/index.php\/2021\/11\/30\/politikusok-akik-kialltak-ertunk\/\">Politikusok, akik ki\u00e1lltak \u00e9rt\u00fcnk?<\/a> <span class=\"excerpt-dash\">-<\/span> <span class=\"excerpt\">Sokfel\u0151l kaptunk \u00edg\u00e9retet a v\u00e1rosr\u00e9szt s\u00falyt\u00f3 probl\u00e9m\u00e1k megold\u00e1s\u00e1ra. N\u00e9h\u00e1ny ezek k\u00f6z\u00fcl al\u00e1bb olvashat\u00f3, n\u00e9zhet\u0151<\/span><\/li><\/ul>\n\n\n\n<p><\/p>\n\n\n\n<p>A korm\u00e1ny tov\u00e1bbra is t\u00e1mogat minket:<\/p>\n\n\n<ul class=\"display-posts-listing\"><li class=\"listing-item\"><a class=\"image\" href=\"https:\/\/csucshegymenedek.hu\/index.php\/2021\/11\/30\/varga-mihaly-ismet-biztositott-tamogatasarol\/\"><img width=\"150\" height=\"150\" src=\"https:\/\/csucshegymenedek.hu\/wp-content\/uploads\/2021\/11\/VargaM-150x150.png\" class=\"attachment-thumbnail size-thumbnail wp-post-image\" alt=\"\" loading=\"lazy\" \/><\/a> <a class=\"title\" href=\"https:\/\/csucshegymenedek.hu\/index.php\/2021\/11\/30\/varga-mihaly-ismet-biztositott-tamogatasarol\/\">Varga Mih\u00e1ly ism\u00e9t biztos\u00edtott minket t\u00e1mogat\u00e1s\u00e1r\u00f3l<\/a> <span class=\"excerpt-dash\">-<\/span> <span class=\"excerpt\">B\u00fas Bal\u00e1zs, R\u00e1cz Andrea \u00e9s Varga Mih\u00e1ly vezet\u00e9se idej\u00e9n k\u00e9sz\u00fclt a v\u00e1rosr\u00e9sz\u00fcnk probl\u00e9m\u00e1inak megold\u00e1s\u00e1t c\u00e9lz\u00f3 Telep\u00fcl\u00e9srendez\u00e9si Javaslat, a v\u00e1laszt\u00e1si \u00edg\u00e9reteiknek megfelel\u0151en, \u00e9s most a korm\u00e1ny garanci\u00e1t v\u00e1llalt a tov\u00e1bbi t\u00e1mogat\u00e1sunkra, amennyiben az \u00faj v\u00e1rosvezet\u00e9s is foglalkozni  k\u00edv\u00e1n Cs\u00facshegy probl\u00e9m\u00e1ival.<\/span><\/li><\/ul>\n\n\n\n<p><\/p>\n\n\n\n<p>\u00dajabb t\u0171zeset a f\u0171t\u00e9si szezon meg\u00e9rkezt\u00e9vel:<\/p>\n\n\n<ul class=\"display-posts-listing\"><li class=\"listing-item\"><a class=\"image\" href=\"https:\/\/csucshegymenedek.hu\/index.php\/2021\/11\/30\/epulettuzek\/\"><img width=\"150\" height=\"150\" src=\"https:\/\/csucshegymenedek.hu\/wp-content\/uploads\/2021\/11\/916035-150x150.jpeg\" class=\"attachment-thumbnail size-thumbnail wp-post-image\" alt=\"\" loading=\"lazy\" \/><\/a> <a class=\"title\" href=\"https:\/\/csucshegymenedek.hu\/index.php\/2021\/11\/30\/epulettuzek\/\">Az \u00e9p\u00fclett\u00fczek okai Cs\u00facshegyen<\/a> <span class=\"excerpt-dash\">-<\/span> <span class=\"excerpt\">Az elvett \u00e9p\u00edt\u00e9si jogok ok\u00e1n elszaporodott ideiglenes megold\u00e1sok miatt Cs\u00facshegyen lakoss\u00e1gar\u00e1nyosan 29-szer t\u00f6bb a t\u0171zeset mint \u00d3bud\u00e1n \u00e1ltal\u00e1ban.<\/span><\/li><\/ul>\n\n\n\n<p><\/p>\n\n\n\n<p> Legyen \u00e9rtelme a rendezhet\u0151s\u00e9g\u00fcnk \u00e9rdek\u00e9ben bevezetett jogkorl\u00e1toz\u00e1soknak, amik rendez\u00e9s n\u00e9lk\u00fcl csak sanyargatnak minket, \u00e9s ellehetetlen\u00edtik a fenntarthat\u00f3 otthonokra val\u00f3 korszer\u0171s\u00edt\u00e9st!<\/p>\n\n\n\n<p>J\u00f3l&nbsp;szeml\u00e9lteti&nbsp;a helyzet\u00fcnket az \u00f6nkorm\u00e1nyzat egy kor\u00e1bbi meg\u00e1llap\u00edt\u00e1sa:<\/p>\n\n\n\n<blockquote class=\"wp-block-quote\"><p>&#8220;<em>Ezek a ter\u00fcletek spont\u00e1n m\u00f3don fejl\u0151dnek, a t\u00f6bb \u00e9ves korl\u00e1toz\u00e1s a telek\u00e1rakat alacsonyan tartja, amely a kisebb p\u00e9nz\u0171 \u00e9s az elszeg\u00e9nyed\u0151 r\u00e9tegeket vonzza, amely t\u00e1rsadalmi fesz\u00fclts\u00e9get okozhat, \u00e9s a rendez\u00e9st egyre ink\u00e1bb ellehetetlen\u00edti.<\/em>&#8220;<\/p><cite>Telep\u00fcl\u00e9si strat\u00e9giai dokumentumok Budapest III. ker\u00fclet \u00d3buda-B\u00e9k\u00e1smegyer I. megalapoz\u00f3 vizsg\u00e1lata<\/cite><\/blockquote>\n\n\n\n<p><\/p>\n\n\n<ul class=\"display-posts-listing\"><li class=\"listing-item\"><a class=\"image\" href=\"https:\/\/csucshegymenedek.hu\/index.php\/2021\/11\/30\/elvett-epitesi-jogok\/\"><img width=\"150\" height=\"150\" src=\"https:\/\/csucshegymenedek.hu\/wp-content\/uploads\/2021\/11\/172021688_992966187902149_1541596519560547206_n-e1638305904557-150x150.jpg\" class=\"attachment-thumbnail size-thumbnail wp-post-image\" alt=\"\" loading=\"lazy\" \/><\/a> <a class=\"title\" href=\"https:\/\/csucshegymenedek.hu\/index.php\/2021\/11\/30\/elvett-epitesi-jogok\/\">Elvett \u00e9p\u00edt\u00e9si jogok<\/a> <span class=\"excerpt-dash\">-<\/span> <span class=\"excerpt\">Az elm\u00falt \u00e9vtizedek sor\u00e1n a v\u00e1rosr\u00e9sz rendezhet\u0151s\u00e9g\u00e9nek meg\u0151rz\u00e9s\u00e9re hivatkozva fokozatosan vett\u00e9k el \u00e9p\u00edt\u00e9si jogainkat a kiszab\u00e1lyoz\u00e1s \u00edg\u00e9rete mellett. A jogelvon\u00e1sokkal od\u00e1ig jutottunk, hogy a kor\u00e1bban m\u00e9g enged\u00e9llyel \u00e9p\u00edtett el\u0151regedett \u00e9s korszer\u0171tlen lak\u00f3\u00e9p\u00fcleteinket sem \u00e9p\u00edthetj\u00fck \u00fajra, a fel\u00faj\u00edt\u00e1sok sor\u00e1n sok esetben pazarl\u00f3 ideiglenes megol\u00e1dsokra k\u00e9nyszer\u00fcl\u00fcnk, amik f\u00f6l\u00f6sleges szennyez\u00e9sekhez, eg\u00e9szs\u00e9gk\u00e1rosod\u00e1shoz \u00e9s \u00e9letvesz\u00e9lyhez vezetnek. A Katasztr\u00f3fav\u00e9delem adatszolg\u00e1ltat\u00e1sa szerint [&hellip;]<\/span><\/li><\/ul>\n\n\n\n<p><\/p>\n\n\n\n<p><\/p>\n\n\n<ul class=\"display-posts-listing\"><li class=\"listing-item\"><a class=\"image\" href=\"https:\/\/csucshegymenedek.hu\/index.php\/2021\/11\/30\/ivoviz-hianya\/\"><img width=\"150\" height=\"150\" src=\"https:\/\/csucshegymenedek.hu\/wp-content\/uploads\/2021\/11\/no-water-e1638305456954-150x150.jpg\" class=\"attachment-thumbnail size-thumbnail wp-post-image\" alt=\"\" loading=\"lazy\" srcset=\"https:\/\/csucshegymenedek.hu\/wp-content\/uploads\/2021\/11\/no-water-e1638305456954-150x150.jpg 150w, https:\/\/csucshegymenedek.hu\/wp-content\/uploads\/2021\/11\/no-water-e1638305456954-300x300.jpg 300w, https:\/\/csucshegymenedek.hu\/wp-content\/uploads\/2021\/11\/no-water-e1638305456954-768x770.jpg 768w, https:\/\/csucshegymenedek.hu\/wp-content\/uploads\/2021\/11\/no-water-e1638305456954-676x677.jpg 676w, https:\/\/csucshegymenedek.hu\/wp-content\/uploads\/2021\/11\/no-water-e1638305456954.jpg 999w\" sizes=\"(max-width: 150px) 100vw, 150px\" \/><\/a> <a class=\"title\" href=\"https:\/\/csucshegymenedek.hu\/index.php\/2021\/11\/30\/ivoviz-hianya\/\">Iv\u00f3v\u00edz hi\u00e1nya<\/a> <span class=\"excerpt-dash\">-<\/span> <span class=\"excerpt\">Am\u00edg a ter\u00fclet nincs kiszab\u00e1lyozva \u00f6ner\u0151b\u0151l sem engedik bevezettetni az iv\u00f3vizet utc\u00e1inkba. K\u00f6zk\u00fat csak a szomsz\u00e9dos v\u00e1rosr\u00e9szen van, egyesekt\u0151l 60 emelet szintk\u00fcl\u00f6mbs\u00e9gre. A lakoss\u00e1g ell\u00e1t\u00e1s\u00e1t szolg\u00e1l\u00f3 kiskereskedelmi egys\u00e9g az \u00e9p\u00edt\u00e9si korl\u00e1toz\u00e1s miatt jelenleg nem l\u00e9tes\u00edthet\u0151 v\u00e1rosr\u00e9sz\u00fcnk\u00f6n, \u00e9s a szomsz\u00e9dos v\u00e1rosr\u00e9szeken sincs. A vid\u00e9kfejleszt\u00e9si programban ig\u00e9nybevehet\u0151 95%-os k\u00fclter\u00fcleti h\u00e1zi v\u00edzm\u0171 t\u00e1mogat\u00e1ssal Budapesten nem \u00e9lhet\u00fcnk. Hajdan tiszta viz\u0171 forr\u00e1saink kiapadtak, ahogyan a k\u00fatjaink is sorban apadnak ki \u00e9s szennyez\u0151dnek el. A nem k\u00f6zm\u0171ves iv\u00f3v\u00edzszolg\u00e1ltat\u00e1sra pedig az \u00f6nkorm\u00e1nyzat nem hajland\u00f3, m\u00e1rpedig az iv\u00f3v\u00edzhez jut\u00e1s alkotm\u00e1nyos alapvet\u0151 jog, \u00e9s a nem k\u00f6zm\u0171ves iv\u00f3v\u00edzszolg\u00e1ltat\u00e1st a jogszab\u00e1lyok a telep\u00fcl\u00e9si \u00f6nkorm\u00e1nyzat k\u00f6telezetts\u00e9gi k\u00f6r\u00e9be sorolj\u00e1k.<\/span><\/li><\/ul>\n","protected":false},"excerpt":{"rendered":"<p>Egyes\u00fclet\u00fcnket m\u00e1r ad\u00f3ja 1 %-\u00e1nak felaj\u00e1nl\u00e1s\u00e1val is t\u00e1mogathatja. Mened\u00e9k a Cs\u00facshegy Bar\u00e1tainak Egyes\u00fclet Ad\u00f3sz\u00e1m:&nbsp;18058709-1-41 Ad\u00f3 1 sz\u00e1zal\u00e9k felaj\u00e1nl\u00e1s \u00fcgyf\u00e9lkapun kereszt\u00fcl \u00a0Ad\u00f3 1 sz\u00e1zal\u00e9k felaj\u00e1nl\u00e1s nyomtatv\u00e1ny A kit\u00f6lt\u00f6tt nyilatkozatot ne felejts\u00e9k el gombnyom\u00e1ssal bek\u00fcldeni! K\u00f6sz\u00f6nj\u00fck! Ismerd meg a v\u00e1rosr\u00e9sz\u00fcnkre vonatkoz\u00f3 Telep\u00fcl\u00e9srendez\u00e9si Javaslatot, melyet az \u00f6nkorm\u00e1nyzat \u00e1ltal megb\u00edzott tervez\u0151 iroda a F\u0151v\u00e1rosi V\u00edzm\u0171vekkel \u00e9s egy\u00e9b szervezetekkel egyeztetve [&hellip;]<\/p>\n","protected":false},"author":1,"featured_media":50,"parent":0,"menu_order":0,"comment_status":"closed","ping_status":"closed","template":"","meta":[],"_links":{"self":[{"href":"https:\/\/csucshegymenedek.hu\/index.php\/wp-json\/wp\/v2\/pages\/294"}],"collection":[{"href":"https:\/\/csucshegymenedek.hu\/index.php\/wp-json\/wp\/v2\/pages"}],"about":[{"href":"https:\/\/csucshegymenedek.hu\/index.php\/wp-json\/wp\/v2\/types\/page"}],"author":[{"embeddable":true,"href":"https:\/\/csucshegymenedek.hu\/index.php\/wp-json\/wp\/v2\/users\/1"}],"replies":[{"embeddable":true,"href":"https:\/\/csucshegymenedek.hu\/index.php\/wp-json\/wp\/v2\/comments?post=294"}],"version-history":[{"count":33,"href":"https:\/\/csucshegymenedek.hu\/index.php\/wp-json\/wp\/v2\/pages\/294\/revisions"}],"predecessor-version":[{"id":1058,"href":"https:\/\/csucshegymenedek.hu\/index.php\/wp-json\/wp\/v2\/pages\/294\/revisions\/1058"}],"wp:featuredmedia":[{"embeddable":true,"href":"https:\/\/csucshegymenedek.hu\/index.php\/wp-json\/wp\/v2\/media\/50"}],"wp:attachment":[{"href":"https:\/\/csucshegymenedek.hu\/index.php\/wp-json\/wp\/v2\/media?parent=294"}],"curies":[{"name":"wp","href":"https:\/\/api.w.org\/{rel}","templated":true}]}}