{"id":9,"date":"2020-01-26T19:42:43","date_gmt":"2020-01-26T19:42:43","guid":{"rendered":"http:\/\/szitakoto.csucshegymenedek.hu\/?page_id=9"},"modified":"2022-02-06T20:53:33","modified_gmt":"2022-02-06T20:53:33","slug":"rolunk","status":"publish","type":"page","link":"https:\/\/csucshegymenedek.hu\/index.php\/rolunk\/","title":{"rendered":"R\u00f3lunk"},"content":{"rendered":"\n<div class=\"wp-block-image\"><figure class=\"aligncenter size-full is-resized\"><img loading=\"lazy\" src=\"https:\/\/szitakoto.csucshegymenedek.hu\/wp-content\/uploads\/2021\/11\/csucshegy_jelkep_nagy.jpg\" alt=\"\" class=\"wp-image-149\" width=\"387\" height=\"187\" srcset=\"https:\/\/csucshegymenedek.hu\/wp-content\/uploads\/2021\/11\/csucshegy_jelkep_nagy.jpg 651w, https:\/\/csucshegymenedek.hu\/wp-content\/uploads\/2021\/11\/csucshegy_jelkep_nagy-300x145.jpg 300w, https:\/\/csucshegymenedek.hu\/wp-content\/uploads\/2021\/11\/csucshegy_jelkep_nagy-500x242.jpg 500w\" sizes=\"(max-width: 387px) 100vw, 387px\" \/><\/figure><\/div>\n\n\n\n<p>Cs\u00facshegy hossz\u00fa ideje borotva\u00e9len t\u00e1ncol, \u00e9s a jelenlegi tulajdonosok felel\u0151s ir\u00e1nyv\u00e1laszt\u00e1sa n\u00e9lk\u00fcl v\u00e1rosr\u00e9sz\u00fcnk vagy a befektet\u0151k haszonszerz\u00e9si v\u00e1gy\u00e1nak fog \u00e1ldozatul esni, vagy v\u00e1rosvezet\u0151ink nemt\u00f6r\u0151d\u00f6ms\u00e9g\u00e9nek. Az el\u0151bbi egy t\u00fal\u00e9p\u00edtett v\u00e1rosr\u00e9szhez vezet, az ut\u00f3bbi egy egyre ink\u00e1bb rendezhetetlen, elszl\u00f6m\u00f6s\u00f6d\u0151 ter\u00fclethez.<\/p>\n\n\n\n<p>A Mened\u00e9k a Cs\u00facshegy Bar\u00e1tainak Egyes\u00fclet c\u00e9lja egy olyan k\u00f6z\u00f6ss\u00e9g \u00e9p\u00edt\u00e9se, ami hat\u00e9konyan l\u00e9p fel v\u00e1rosr\u00e9sz\u00fcnk term\u00e9szeti \u00e9rt\u00e9keinek v\u00e9delm\u00e9ben, a tulajdonosok jogainak v\u00e9delm\u00e9ben, seg\u00edtik a r\u00e1szorul\u00f3kat, \u00e9s k\u00e9pesek egy\u00fctt meg\u00e1lmodni, majd alak\u00edtani v\u00e1rosr\u00e9sz\u00fcnk fenntarthat\u00f3 j\u00f6v\u0151j\u00e9t, melyben az \u00e9p\u00edtett k\u00f6rnyezet \u00e9s \u00f6kol\u00f3giai \u00e9rt\u00e9keink k\u00e9z a k\u00e9zben j\u00e1rnak.<\/p>\n\n\n\n<p>Szeretn\u00e9nk, hogy a&nbsp;z\u00f6ld lak\u00f3k\u00f6z\u00f6ss\u00e9g legyen Cs\u00facshegy v\u00e9djegye \u00e9s hogy ha a hegy j\u00f6v\u0151j\u00e9t befoly\u00e1sol\u00f3 d\u00f6nt\u00e9sek sz\u00fcletnek, abban a helyi k\u00f6z\u00f6ss\u00e9g megker\u00fclhetetlen legyen.<\/p>\n\n\n\n<p>Nem tudunk \u00e9l\u00e9re \u00e1llni minden helyi kezdem\u00e9nyez\u00e9snek, de ami az egyes\u00fclet c\u00e9ljaival \u00f6sszeegyeztethet\u0151, abban r\u00e9szt v\u00e1llalunk, t\u00e1mogatjuk a rendelkez\u00e9s\u00fcnkre \u00e1ll\u00f3 eszk\u00f6z\u00f6kkel, tud\u00e1sunkkal, id\u0151nkkel. Ez sokszor kev\u00e9snek bizonyulhat, vagy a kezdem\u00e9nyez\u00e9s teljesen k\u00edv\u00fcl eshet \u00e9rdekelts\u00e9g\u00fcnk\u00f6n, ez\u00e9rt kifejezetten t\u00e1mogatjuk tov\u00e1bbi egyes\u00fcletek l\u00e9trehoz\u00e1s\u00e1t, \u00e9s rem\u00e9lj\u00fck a bar\u00e1ti egy\u00fcttm\u0171k\u00f6d\u00e9st vel\u00fck!<\/p>\n\n\n\n<p>Szeretn\u00e9nk ha egyes\u00fclet\u00fcnk mened\u00e9k lenne a Cs\u00facshegy bar\u00e1tainak, de legf\u0151k\u00e9ppen hogy Cs\u00facshegy legyen az a mened\u00e9k, amiben b\u00e9k\u00e9ben \u00e9lhet\u00fcnk m\u00f3kusok \u00e9s harangvir\u00e1gok szomsz\u00e9ds\u00e1g\u00e1ban. Szeretn\u00e9nk, hogy az itt \u00e9l\u0151k sz\u00e1m\u00e1ra minden m\u00e1shol szok\u00e1sos lehet\u0151s\u00e9g \u00e9s t\u00e1mogat\u00e1s biztos\u00edtott legyen ahhoz, hogy otthonaik a fenntarthat\u00f3s\u00e1got k\u00e9pviselj\u00e9k mind energetikai szempontb\u00f3l, mind a benn\u00fck megval\u00f3s\u00edthat\u00f3 \u00e9letm\u00f3d szempontj\u00e1b\u00f3l. Ahhoz pedig, hogy ezekkel a lehet\u0151s\u00e9gekkel mindenki \u00e9lhessen \u00e9s az \u00f6kol\u00f3giai szempontokat min\u00e9l t\u00f6bben \u00e1t\u00e9rezz\u00e9k, szeretn\u00e9nk j\u00f3 p\u00e9d\u00e1kat \u00e9s \u00f6tleteket \u00f6sszegy\u0171jteni az itt \u00e9l\u0151k sz\u00e1m\u00e1ra, \u00e9s \u00e9rdekeinket egy j\u00f3l kommunik\u00e1lhat\u00f3 keretrendszerbe foglalni a meghat\u00e1roz\u00f3 k\u00fcls\u0151 szervezetek sz\u00e1m\u00e1ra.<\/p>\n\n\n\n<p>&nbsp;<\/p>\n\n\n\n<p>&nbsp;<\/p>\n\n\n\n<p>&nbsp;<\/p>\n\n\n\n<p><strong>\u00daj vezet\u0151ink bemutatkoz\u00e1sa a Cs\u00facshegyi Villany Harson\u00e1ban:<\/strong><\/p>\n\n\n\n<div class=\"wp-block-file\"><object class=\"wp-block-file__embed\" data=\"https:\/\/csucshegymenedek.hu\/wp-content\/uploads\/2021\/11\/Csucshegyi-Villany-Harsona-2021-I.pdf\" type=\"application\/pdf\" style=\"width:100%;height:600px\" aria-label=\"Cs\u00facshegyi Villany Harsona 2021 - I be\u00e1gyaz\u00e1sa\"><\/object><a href=\"https:\/\/csucshegymenedek.hu\/wp-content\/uploads\/2021\/11\/Csucshegyi-Villany-Harsona-2021-I.pdf\">Cs\u00facshegyi Villany Harsona 2021 &#8211; I<\/a><a href=\"https:\/\/csucshegymenedek.hu\/wp-content\/uploads\/2021\/11\/Csucshegyi-Villany-Harsona-2021-I.pdf\" class=\"wp-block-file__button\" download=\"\">Let\u00f6lt\u00e9s<\/a><\/div>\n\n\n\n<p>&nbsp;<\/p>\n\n\n\n<p>&nbsp;<\/p>\n\n\n\n<p>&nbsp;<\/p>\n","protected":false},"excerpt":{"rendered":"<p>Cs\u00facshegy hossz\u00fa ideje borotva\u00e9len t\u00e1ncol, \u00e9s a jelenlegi tulajdonosok felel\u0151s ir\u00e1nyv\u00e1laszt\u00e1sa n\u00e9lk\u00fcl v\u00e1rosr\u00e9sz\u00fcnk vagy a befektet\u0151k haszonszerz\u00e9si v\u00e1gy\u00e1nak fog \u00e1ldozatul esni, vagy v\u00e1rosvezet\u0151ink nemt\u00f6r\u0151d\u00f6ms\u00e9g\u00e9nek. Az el\u0151bbi egy t\u00fal\u00e9p\u00edtett v\u00e1rosr\u00e9szhez vezet, az ut\u00f3bbi egy egyre ink\u00e1bb rendezhetetlen, elszl\u00f6m\u00f6s\u00f6d\u0151 ter\u00fclethez. A Mened\u00e9k a Cs\u00facshegy Bar\u00e1tainak Egyes\u00fclet c\u00e9lja egy olyan k\u00f6z\u00f6ss\u00e9g \u00e9p\u00edt\u00e9se, ami hat\u00e9konyan l\u00e9p fel v\u00e1rosr\u00e9sz\u00fcnk term\u00e9szeti [&hellip;]<\/p>\n","protected":false},"author":1,"featured_media":0,"parent":0,"menu_order":0,"comment_status":"closed","ping_status":"closed","template":"","meta":[],"_links":{"self":[{"href":"https:\/\/csucshegymenedek.hu\/index.php\/wp-json\/wp\/v2\/pages\/9"}],"collection":[{"href":"https:\/\/csucshegymenedek.hu\/index.php\/wp-json\/wp\/v2\/pages"}],"about":[{"href":"https:\/\/csucshegymenedek.hu\/index.php\/wp-json\/wp\/v2\/types\/page"}],"author":[{"embeddable":true,"href":"https:\/\/csucshegymenedek.hu\/index.php\/wp-json\/wp\/v2\/users\/1"}],"replies":[{"embeddable":true,"href":"https:\/\/csucshegymenedek.hu\/index.php\/wp-json\/wp\/v2\/comments?post=9"}],"version-history":[{"count":14,"href":"https:\/\/csucshegymenedek.hu\/index.php\/wp-json\/wp\/v2\/pages\/9\/revisions"}],"predecessor-version":[{"id":1024,"href":"https:\/\/csucshegymenedek.hu\/index.php\/wp-json\/wp\/v2\/pages\/9\/revisions\/1024"}],"wp:attachment":[{"href":"https:\/\/csucshegymenedek.hu\/index.php\/wp-json\/wp\/v2\/media?parent=9"}],"curies":[{"name":"wp","href":"https:\/\/api.w.org\/{rel}","templated":true}]}}